{"id":4046,"date":"2010-06-24T12:23:22","date_gmt":"2010-06-24T10:23:22","guid":{"rendered":"http:\/\/blog.sendblaster.com\/?page_id=4046"},"modified":"2013-01-31T21:20:41","modified_gmt":"2013-01-31T20:20:41","slug":"sendblaster-para-organizaciones-sin-fines-de-lucro","status":"publish","type":"page","link":"https:\/\/blog.sendblaster.com\/es\/sendblaster-para-organizaciones-sin-fines-de-lucro\/","title":{"rendered":"SB para ONL"},"content":{"rendered":"<p><a href=\"http:\/\/blog.sendblaster.com\/wp-content\/uploads\/logo-non-profits-02.png\"><img loading=\"lazy\" decoding=\"async\" class=\"alignleft size-full wp-image-1278\" title=\"SendBlaster Para Organizaciones Sin Fines de Lucro\" src=\"http:\/\/blog.sendblaster.com\/wp-content\/uploads\/logo-non-profits-02.png\" alt=\"SendBlaster Para Organizaciones Sin Fines de Lucro\" width=\"118\" height=\"171\" \/><\/a>En SendBlaster creemos que tenemos un compromiso social tan fuerte que hemos creado el programa <strong>&#8216;SendBlaster Para Organizaciones Sin Fines De Lucro&#8217;<\/strong>, el cual ofrece licencias gratis a <strong>organizaciones relacionadas a la salud<\/strong>.<\/p>\n<p><strong>SendBlaster Para Organizaciones Sin Fines De Lucro<\/strong><br \/>\nCreemos que el marketing por email puede constituir una oportunidad incre\u00edble para que las organizaciones sin fines de lucro mejoren sus resultados de recaudaci\u00f3n de fondos, informen a sus sponsors, recluten voluntarios, env\u00eden invitaciones a eventos y mucho m\u00e1s.<\/p>\n<p>El programa de <strong>SendBlaster para organizaciones sin fines de lucro<\/strong> realiza una donaci\u00f3n de una <strong>licencia de SendBlaster PRO 2<\/strong> a todas aquellas organizaciones sin fines de lucro dedicadas a proveer servicios de cuidados de la salud en todo el mundo (por ejemplo asistencia a pacientes y familiares, cuidado en el hogar, cuidado infantil, servicios a discapacitados,&#8230;).<\/p>\n<p>La licencia otorga acceso completo a la versi\u00f3n PRO de nuestro software de marketing por email de por vida: no posee costo alguno.<\/p>\n<p><strong>C\u00f3mo solicitar<\/strong><br \/>\nSimplemente, env\u00edenos un email a <strong>nonprofit@sendblaster.com<\/strong> e incluya:<br \/>\n&#8211; su Nombre Completo,<br \/>\n&#8211; el Nombre de su Organizaci\u00f3n Sin Fines de Lucro,<br \/>\n&#8211; su Sitio Web,<br \/>\n&#8211; un peque\u00f1o resumen sobre las actividades principales de su organizaci\u00f3n.<\/p>\n<p>Nuestro personal realizar\u00e1 una observaci\u00f3n de su solicitud y dentro de las 2 semanas le informar\u00e1 si hemos aprobado la solicitud. Si su solicitud es aprobada le enviaremos una licencia de SendBlaster 2 PRO gratis. La licencia le permite utilizar SendBlaster, para crear y enviar emails ilimitados en minutos.<\/p>\n<p>Realmente esperamos que muchas organizaciones sin fines de lucro se beneficien con esta oferta, permitiendo que SendBlaster les ayude a gestionar sus actividades de marketing por email en forma efectiva.<\/p>\n<p><em>Por favor tenga en cuenta de que nos reservamos el derecho de aprobar o denegar su solicitud bajo nuestra sola discreci\u00f3n.<\/em><\/p>\n<div class=\"givenLic\">\n<p>Este es un listado parcial de <strong>organizaciones sin fines de lucro<\/strong> que han recibido una <strong>Licencia de SendBlaster PRO 2<\/strong><em>:<\/em><\/p>\n<ul>\n<li><a href=\"http:\/\/www.depaulireland.org\/\" target=\"_blank\" rel=\"external nofollow\"><strong>Depaul Ireland<\/strong><\/a><em> &#8211; <\/em>Agencia de caridad en Dublin y Belfast para personas sin hogar que trabaja con los marginados de la comunidad de personas sin hogar;<\/li>\n<li><strong><a href=\"http:\/\/www.canceraid.org\/\" target=\"_blank\" rel=\"external nofollow\">Karuna Kare Foundation<\/a><\/strong> &#8211; Grupo de soporte voluntario que provee soporte emocional a pacientes de c\u00e1ncer y sus familiares;<\/li>\n<li><strong><a href=\"http:\/\/msfuae.ae\/index.php?lang=en\" target=\"_blank\" rel=\"external nofollow\">M\u00e9decins Sans Fronti\u00e8res<\/a><\/strong> &#8211; Organizaci\u00f3n humanitaria m\u00e9dica internacional comprometida en otorgar cuidado de calidad personas en crisis, sin distinci\u00f3n de raza, religi\u00f3n, o afiliaci\u00f3n pol\u00edtica;<\/li>\n<li><a href=\"http:\/\/www.vietnamveterans391.org\/\" target=\"_blank\" rel=\"external nofollow\"><strong>Vietnam Veterans of America 391<\/strong><\/a> &#8211; Provee a Veteranos de Vietnam y otros veteranos una fuente central de informaci\u00f3n sobre la Gesti\u00f3n de Veteranos, cuidado m\u00e9dico, y otras formas de beneficios a veteranos;<\/li>\n<li><a href=\"http:\/\/www.dentalhealthfoundation.org\/\" target=\"_blank\" rel=\"external nofollow\"><strong>Dental  Health Foundation<\/strong><\/a> &#8211; Organizaci\u00f3n independiente, sin fines de lucro dedicada a promocionar la salud oral, el bienestar y la calidad de vida a personas en California y en toda la naci\u00f3n;<\/li>\n<li><a href=\"http:\/\/www.sosaltapadovana.org\/\" target=\"_blank\" rel=\"external nofollow\"><strong>SOS Altopadovana<\/strong><\/a> &#8211; Sirve a la comunidad en una variedad de servicios de emergencia y salud;<\/li>\n<li><a href=\"http:\/\/www.diabetessa.co.za\/\" target=\"_blank\" rel=\"external nofollow\"><strong>Diabetes South Africa<\/strong><\/a><em> &#8211; <\/em>Organizaci\u00f3n sin fines de lucro, fundada en 1969, ofrece soporte y procura por todas las personas con diabetes en Sud Africa;<\/li>\n<li><a href=\"http:\/\/www.UnitedThroughSport.org\/\" target=\"_blank\" rel=\"external nofollow\"><strong>United Through Sport<\/strong><\/a><em> &#8211; <\/em> Una caridad que desarrolla deportes internacionales que une a las personas de todo el mundo para realizar deportes y derribar las diferencias sociales;<\/li>\n<li><a href=\"http:\/\/www.hudt.org\/\" target=\"_self\" rel=\"external nofollow\"><strong>Help Us Dry the Tears<\/strong><\/a><strong> <\/strong>&#8211; Ayuda a las personas sin hogar, especialmente a los menores abandonados en Europa del Este;<\/li>\n<li><a href=\"https:\/\/www.jamint.com\/index.php?option=com_frontpage&amp;Itemid=1\" rel=\"external nofollow\"><strong>Joint Aid Management<\/strong><\/a> &#8211; Provee alimentos nutritivos, alimentos a escuelas, asistencia a hu\u00e9rfanos y menores vulnerables, provee agua y medicamentos, como as\u00ed tambi\u00e9n desarrollo de habilidades, entrenamiento comunitario en desarrollo de agricultura;<\/li>\n<li><a href=\"http:\/\/www.nkidneyfoundation.org\/\" rel=\"external nofollow\"><strong>Nathan Kidney Foundation<\/strong><\/a> &#8211; Una organizaci\u00f3n sin fines de lucro ubicada en Lagos, Nigeria dedicada a la causa de la reducci\u00f3n de la incidencia y prevalecencia de problemas de ri\u00f1ones;<\/li>\n<li><a href=\"http:\/\/www.adu.org.uy\/\" rel=\"external nofollow\"><strong>Asociaci\u00f3n de Diab\u00e9ticos del Uruguay<\/strong><\/a> &#8211; Educaci\u00f3n Preventiva de la Diabetes en Uruguay;<\/li>\n<li><strong><a href=\"http:\/\/www.certinternational.org\/\" target=\"_blank\" rel=\"external nofollow\">CERT International<\/a><\/strong> &#8211; Trabaja en m\u00e1s de 30 pa\u00edses proveyendo servicios m\u00e9dicos GRATIS, en cl\u00ednicas dentales y de ojos en villas y pueblos en d\u00f3nde las personas poseen acceso limitado a la asistencia m\u00e9dica;<\/li>\n<li><strong><a href=\"http:\/\/www.mufindiorphans.com\/\" target=\"_blank\" rel=\"external nofollow\">Mufindi Orphans<\/a><\/strong> &#8211; provee refugio, educaci\u00f3n y cuidado m\u00e9dico a los hu\u00e9rfanos, menores vulnerables, y personas que poseen VIH;<\/li>\n<li><a href=\"http:\/\/www.shrinershospitalsforchildren.org\" target=\"_blank\" rel=\"external nofollow\"><strong>St Luis EAS<\/strong><\/a> &#8211; Organizaci\u00f3n sin fines de lucro que recauda fondos para el Hospital de Shriners (Tampa, FI);<\/li>\n<li><strong><a href=\"Housed in UNESCO, WWAP monitors freshwater issues in order to provide recommendations, develop case studies, enhance assessment capacity at a national level and inform the decision-making process.\">World Water Assessment Programme (UNESCO)<\/a><\/strong> &#8211; Con sede en la UNESCO, WWAP monitorea problemas de agua potable para proveer recomendaciones, desarrollar estudios, mejorar la evaluaci\u00f3n y nivel para el proceso de toma de decisiones;<\/li>\n<li><a href=\"http:\/\/www.alzheimer.ie\" rel=\"external nofollow\"><strong>The Alzheimer Society of Ireland<\/strong><\/a> &#8211; Incluye m\u00e1s de 100 servicios espec\u00edficos relacionados con la demencia, con 31 centros de cuidados, 27 servicios de cuidado en hogar, 28 grupos de soporte;<\/li>\n<li><a href=\"http:\/\/marinereachministries.com\/\" rel=\"external nofollow\"><strong>Marine Reach  Ministries<\/strong><\/a> &#8211; Provee alivio a comunidades en desarrollo y naciones de todo el mundo utilizando barcos, camiones y cl\u00ednicas m\u00f3viles;<\/li>\n<li><strong><a href=\"http:\/\/www.amazebrighton.org.uk\/\" rel=\"external nofollow\">Amaze<\/a><\/strong> &#8211; Caridad con Base en Reino Unido que trabaja con padres de menores con capacidades especiales.<\/li>\n<\/ul>\n<\/div>\n<p><br clear=\"all\"\/><\/p>\n<p><a title=\"Descargar SendBlaster 2 GRATIS\" class=\"ctaButton ctaDownload\" href=\"https:\/\/www.sendblaster.com\/es\/descarga-programa-correo\">Descargar SendBlaster 2 GRATIS<\/a>&nbsp;<a title=\"eBook GRATIS de Marketing por Email\" class=\"ctaButton ctaEbook\" href=\"https:\/\/www.sendblaster.com\/ebook-gratuito-para-email-marketing?utm_source=sendblaster_blog&#038;utm_medium=post&#038;utm_campaign=ebook_blog\">eBook GRATIS de Marketing por Email<\/a><\/p>\n","protected":false},"excerpt":{"rendered":"<p>En SendBlaster creemos que tenemos un compromiso social tan fuerte que hemos creado el programa &#8216;SendBlaster Para Organizaciones Sin Fines De Lucro&#8217;, el cual ofrece licencias gratis a organizaciones relacionadas a la salud. SendBlaster Para Organizaciones Sin Fines De Lucro Creemos que el marketing por email puede constituir una oportunidad incre\u00edble para que las organizaciones<\/p>\n","protected":false},"author":6,"featured_media":0,"parent":0,"menu_order":6,"comment_status":"closed","ping_status":"open","template":"","meta":{"inline_featured_image":false,"footnotes":"","_links_to":"","_links_to_target":""},"class_list":["post-4046","page","type-page","status-publish"],"aioseo_notices":[],"_links":{"self":[{"href":"https:\/\/blog.sendblaster.com\/es\/wp-json\/wp\/v2\/pages\/4046","targetHints":{"allow":["GET"]}}],"collection":[{"href":"https:\/\/blog.sendblaster.com\/es\/wp-json\/wp\/v2\/pages"}],"about":[{"href":"https:\/\/blog.sendblaster.com\/es\/wp-json\/wp\/v2\/types\/page"}],"author":[{"embeddable":true,"href":"https:\/\/blog.sendblaster.com\/es\/wp-json\/wp\/v2\/users\/6"}],"replies":[{"embeddable":true,"href":"https:\/\/blog.sendblaster.com\/es\/wp-json\/wp\/v2\/comments?post=4046"}],"version-history":[{"count":0,"href":"https:\/\/blog.sendblaster.com\/es\/wp-json\/wp\/v2\/pages\/4046\/revisions"}],"wp:attachment":[{"href":"https:\/\/blog.sendblaster.com\/es\/wp-json\/wp\/v2\/media?parent=4046"}],"curies":[{"name":"wp","href":"https:\/\/api.w.org\/{rel}","templated":true}]}}